{"id":996,"date":"2022-10-17T07:03:13","date_gmt":"2022-10-17T10:03:13","guid":{"rendered":"http:\/\/www.metroquality.cl\/MQ\/services-5\/"},"modified":"2023-05-17T12:11:46","modified_gmt":"2023-05-17T15:11:46","slug":"servicios","status":"publish","type":"page","link":"https:\/\/www.metroquality.cl\/MQ\/servicios\/","title":{"rendered":"Servicios"},"content":{"rendered":"\n<div class=\"wp-block-uagb-container uagb-block-a10bf817 alignfull uagb-is-root-container\"><div class=\"uagb-container-inner-blocks-wrap\">\n<div class=\"wp-block-uagb-advanced-heading uagb-block-a7cc2a2b\"><h1 class=\"uagb-heading-text\">NUESTROS SERVICIOS<\/h1><\/div>\n<\/div><\/div>\n\n\n\n<div class=\"wp-block-uagb-container uagb-block-d81694e1 alignfull uagb-is-root-container\"><div class=\"uagb-container-inner-blocks-wrap\">\n<div class=\"wp-block-uagb-container uagb-block-078f1fb8\">\n<div class=\"wp-block-uagb-info-box uagb-block-9fdf707d uagb-infobox__content-wrap  uagb-infobox-icon-above-title uagb-infobox-image-valign-top\"><div class=\"uagb-ifb-content\"><div class=\"uagb-ifb-icon-wrap\"><svg xmlns=\"https:\/\/www.w3.org\/2000\/svg\" viewBox=\"0 0 640 512\"><path d=\"M160 442.5C149.1 446.1 139.2 448 128 448C74.98 448 32 405 32 352V64C14.33 64 0 49.67 0 32C0 14.33 14.33 0 32 0H224C241.7 0 256 14.33 256 32C256 49.67 241.7 64 224 64V309.9L175 389.4C165.2 405.4 160 423.8 160 442.5zM96 160H160V64H96V160zM512 0C529.7 0 544 14.33 544 32C544 49.67 529.7 64 512 64V214.9L629.7 406.2C636.4 417.2 640 429.7 640 442.6C640 480.9 608.9 512 570.6 512H261.4C223.1 512 191.1 480.9 191.1 442.6C191.1 429.7 195.6 417.2 202.3 406.2L319.1 214.9V64C302.3 64 287.1 49.67 287.1 32C287.1 14.33 302.3 0 319.1 0L512 0zM384 64V224C384 229.9 382.4 235.7 379.3 240.8L330.5 320H501.5L452.7 240.8C449.6 235.7 448 229.9 448 224V64H384z\"><\/path><\/svg><\/div><div class=\"uagb-ifb-title-wrap\"><h3 class=\"uagb-ifb-title\">Servicios de Laboratorio\u200b<\/h3><\/div><p class=\"uagb-ifb-desc\">Contamos con un laboratorio de control equipado con instrumentos de baja, mediana y alta capacidad que permiten dar trazabilidad a unidades metrol\u00f3gicas tanto de laboratorio como de uso industrial.<br><br><strong>Nuestro laboratorio opera bajo un sistema de gesti\u00f3n de acuerdo a la norma ISO\/TEC 17025, acreditado por el INN.<\/strong><br><br><em>* Calibraci\u00f3n de patrones de masa de bajo y alto alcance.<br>* Ajuste de patrones de masa.<br>* Provisi\u00f3n de patrones de masa.<br>* Emisi\u00f3n de certificado de calibraci\u00f3n seg\u00fan norma.<\/em><\/p><\/div><\/div>\n<\/div>\n\n\n\n<div class=\"wp-block-uagb-container uagb-block-d68f8fde\">\n<div class=\"wp-block-uagb-image uagb-block-2fdb3eda wp-block-uagb-image--layout-default wp-block-uagb-image--effect-static wp-block-uagb-image--align-none\"><figure class=\"wp-block-uagb-image__figure\"><img decoding=\"async\" srcset=\"https:\/\/www.metroquality.cl\/MQ\/wp-content\/uploads\/2023\/05\/Laboratorio.png ,https:\/\/websitedemos.net\/earth-08\/wp-content\/uploads\/sites\/1130\/2022\/10\/Graphic-Design-1024x806.jpg 780w, https:\/\/websitedemos.net\/earth-08\/wp-content\/uploads\/sites\/1130\/2022\/10\/Graphic-Design-1024x806.jpg 360w\" sizes=\"(max-width: 480px) 150px\" src=\"https:\/\/www.metroquality.cl\/MQ\/wp-content\/uploads\/2023\/05\/Laboratorio.png\" alt=\"\" class=\"uag-image-1241\" title=\"\" loading=\"lazy\"\/><\/figure><\/div>\n<\/div>\n<\/div><\/div>\n\n\n\n<div class=\"wp-block-uagb-container uagb-block-d74190fa alignfull uagb-is-root-container\"><div class=\"uagb-container-inner-blocks-wrap\">\n<div class=\"wp-block-uagb-container uagb-block-51d8889d\">\n<div class=\"wp-block-uagb-image uagb-block-3febd5c4 wp-block-uagb-image--layout-default wp-block-uagb-image--effect-static wp-block-uagb-image--align-none\"><figure class=\"wp-block-uagb-image__figure\"><img decoding=\"async\" srcset=\"https:\/\/www.metroquality.cl\/MQ\/wp-content\/uploads\/2023\/05\/terre.png \" sizes=\"auto, (max-width: 480px) 150px\" src=\"https:\/\/www.metroquality.cl\/MQ\/wp-content\/uploads\/2023\/05\/terre.png\" alt=\"\" class=\"uag-image-1238\" width=\"580\" height=\"435\" title=\"\" loading=\"lazy\"\/><\/figure><\/div>\n<\/div>\n\n\n\n<div class=\"wp-block-uagb-container uagb-block-a5b1ffcd\">\n<div class=\"wp-block-uagb-info-box uagb-block-a4e58a92 uagb-infobox__content-wrap  uagb-infobox-icon-above-title uagb-infobox-image-valign-top\"><div class=\"uagb-ifb-content\"><div class=\"uagb-ifb-icon-wrap\"><svg xmlns=\"https:\/\/www.w3.org\/2000\/svg\" viewBox=\"0 0 512 512\"><path d=\"M0 80C0 35.82 35.82 0 80 0H432C476.2 0 512 35.82 512 80V368C512 394.2 499.4 417.4 480 432V480C480 497.7 465.7 512 448 512H416C398.3 512 384 497.7 384 480V448H128V480C128 497.7 113.7 512 96 512H64C46.33 512 32 497.7 32 480V432C12.57 417.4 0 394.2 0 368V80zM129.9 152.2L112 224H400L382.1 152.2C378.5 137.1 365.7 128 351 128H160.1C146.3 128 133.5 137.1 129.9 152.2H129.9zM96 288C78.33 288 64 302.3 64 320C64 337.7 78.33 352 96 352C113.7 352 128 337.7 128 320C128 302.3 113.7 288 96 288zM416 352C433.7 352 448 337.7 448 320C448 302.3 433.7 288 416 288C398.3 288 384 302.3 384 320C384 337.7 398.3 352 416 352z\"><\/path><\/svg><\/div><div class=\"uagb-ifb-title-wrap\"><h3 class=\"uagb-ifb-title\">Control y Calibraci\u00f3n<\/h3><\/div><p class=\"uagb-ifb-desc\"><strong>Las calibraciones son realizadas de acuerdo a las recomendaciones establecidas por la Organizaci\u00f3n Internacional de Metrolog\u00eda Legal, OIML.<\/strong><br><br><em>* Basculas de camiones, comerciales y por ejes.<br>* Balanzas de centrales dosificadoras.<br>* Balanzas de packing y proceso.<br>* Pes\u00f3metros \/ Cinta transportadora.<br>* Ensacadoras y embolsadoras.<br>* Sistema de envasados.<br>* Silos y estanques.<br>* Balanza de ganado.<br>* Plataformas industriales<br><\/em><\/p><\/div><\/div>\n<\/div>\n<\/div><\/div>\n\n\n\n<div class=\"wp-block-uagb-container uagb-block-3f03ad91 alignfull uagb-is-root-container\"><div class=\"uagb-container-inner-blocks-wrap\">\n<div class=\"wp-block-uagb-container uagb-block-3456867a\">\n<div class=\"wp-block-uagb-info-box uagb-block-26d164c4 uagb-infobox__content-wrap  uagb-infobox-icon-above-title uagb-infobox-image-valign-top\"><div class=\"uagb-ifb-content\"><div class=\"uagb-ifb-icon-wrap\"><svg xmlns=\"https:\/\/www.w3.org\/2000\/svg\" viewBox=\"0 0 512 512\"><path d=\"M0 416C0 398.3 14.33 384 32 384H86.66C99 355.7 127.2 336 160 336C192.8 336 220.1 355.7 233.3 384H480C497.7 384 512 398.3 512 416C512 433.7 497.7 448 480 448H233.3C220.1 476.3 192.8 496 160 496C127.2 496 99 476.3 86.66 448H32C14.33 448 0 433.7 0 416V416zM192 416C192 398.3 177.7 384 160 384C142.3 384 128 398.3 128 416C128 433.7 142.3 448 160 448C177.7 448 192 433.7 192 416zM352 176C384.8 176 412.1 195.7 425.3 224H480C497.7 224 512 238.3 512 256C512 273.7 497.7 288 480 288H425.3C412.1 316.3 384.8 336 352 336C319.2 336 291 316.3 278.7 288H32C14.33 288 0 273.7 0 256C0 238.3 14.33 224 32 224H278.7C291 195.7 319.2 176 352 176zM384 256C384 238.3 369.7 224 352 224C334.3 224 320 238.3 320 256C320 273.7 334.3 288 352 288C369.7 288 384 273.7 384 256zM480 64C497.7 64 512 78.33 512 96C512 113.7 497.7 128 480 128H265.3C252.1 156.3 224.8 176 192 176C159.2 176 131 156.3 118.7 128H32C14.33 128 0 113.7 0 96C0 78.33 14.33 64 32 64H118.7C131 35.75 159.2 16 192 16C224.8 16 252.1 35.75 265.3 64H480zM160 96C160 113.7 174.3 128 192 128C209.7 128 224 113.7 224 96C224 78.33 209.7 64 192 64C174.3 64 160 78.33 160 96z\"><\/path><\/svg><\/div><div class=\"uagb-ifb-title-wrap\"><h3 class=\"uagb-ifb-title\"><strong>Calibraci\u00f3n de Estanques<\/strong><\/h3><\/div><p class=\"uagb-ifb-desc\"><strong>La calibraci\u00f3n de estanques se realiza de acuerdo a las normas del American Petroleum Institute (API) o de la International Standards Organization (ISO), seg\u00fan requerimientos del cliente.<\/strong><br><br><strong>Alcance del servicio de Calibraci\u00f3n Volum\u00e9trica de Estanques de Almacenamiento:<\/strong><br><em>* Determinaci\u00f3n del volumen de fondo, bajo cota cero.<br>* Medici\u00f3n de los espesores de las placas.<br>* Medici\u00f3n de desarrollos exteriores de los estanques.<br>* El informe final se compone de una tabla de calibraci\u00f3n, expresada en litros por mil\u00edmetro.<br>* El personal t\u00e9cnico cuenta con una dilatada experiencia es este campo y aplican los principios de ingenier\u00eda segura.<\/em><\/p><\/div><\/div>\n<\/div>\n\n\n\n<div class=\"wp-block-uagb-container uagb-block-72090159\">\n<div class=\"wp-block-uagb-image uagb-block-23bcb80d wp-block-uagb-image--layout-default wp-block-uagb-image--effect-static wp-block-uagb-image--align-none\"><figure class=\"wp-block-uagb-image__figure\"><img decoding=\"async\" srcset=\"https:\/\/www.metroquality.cl\/MQ\/wp-content\/uploads\/2023\/05\/otros-serv.png ,https:\/\/websitedemos.net\/earth-08\/wp-content\/uploads\/sites\/1130\/2022\/10\/Graphic-Design-1024x806.jpg 780w, https:\/\/websitedemos.net\/earth-08\/wp-content\/uploads\/sites\/1130\/2022\/10\/Graphic-Design-1024x806.jpg 360w\" sizes=\"auto, (max-width: 480px) 150px\" src=\"https:\/\/www.metroquality.cl\/MQ\/wp-content\/uploads\/2023\/05\/otros-serv.png\" alt=\"\" class=\"uag-image-1239\" width=\"548\" height=\"547\" title=\"\" loading=\"lazy\"\/><\/figure><\/div>\n<\/div>\n<\/div><\/div>\n\n\n\n<div class=\"wp-block-uagb-container uagb-block-97fb7bdf alignfull uagb-is-root-container\"><div class=\"uagb-container-inner-blocks-wrap\">\n<div class=\"wp-block-uagb-call-to-action uagb-block-5edf6e77 wp-block-button\"><div class=\"uagb-cta__wrap\"><h2 class=\"uagb-cta__title\">CONTACTANOS<\/h2><p class=\"uagb-cta__desc\">\u00bfTienes dudas o consultas?<br>Trabajamos con empresas asociadas de reconocido prestigio.<\/p><\/div><div class=\"uagb-cta__buttons\"><a href=\"https:\/\/www.metroquality.cl\/MQ\/contacto\/\" class=\"uagb-cta__button-link-wrapper wp-block-button__link\" target=\"_self\" rel=\"noopener noreferrer\">CLICK AQU\u00cd<\/a><\/div><\/div>\n<\/div><\/div>\n","protected":false},"excerpt":{"rendered":"<p>NUESTROS SERVICIOS<\/p>\n","protected":false},"author":1,"featured_media":0,"parent":0,"menu_order":0,"comment_status":"closed","ping_status":"closed","template":"","meta":{"_uag_custom_page_level_css":"","site-sidebar-layout":"default","site-content-layout":"default","ast-global-header-display":"","ast-banner-title-visibility":"","ast-main-header-display":"","ast-hfb-above-header-display":"","ast-hfb-below-header-display":"","ast-hfb-mobile-header-display":"","site-post-title":"disabled","ast-breadcrumbs-content":"","ast-featured-img":"","footer-sml-layout":"","theme-transparent-header-meta":"disabled","adv-header-id-meta":"","stick-header-meta":"","header-above-stick-meta":"","header-main-stick-meta":"","header-below-stick-meta":"","footnotes":""},"class_list":["post-996","page","type-page","status-publish","hentry"],"yoast_head":"<!-- This site is optimized with the Yoast SEO plugin v20.7 - https:\/\/yoast.com\/wordpress\/plugins\/seo\/ -->\n<title>Servicios - Calibraci\u00f3n Industrial y Servicios de Metrolog\u00eda | Metroquality<\/title>\n<meta name=\"description\" content=\"Servicios de Laboratorio\u200b - Control y Calibraci\u00f3n - Calibraci\u00f3n de Estanques\" \/>\n<meta name=\"robots\" content=\"index, follow, max-snippet:-1, max-image-preview:large, max-video-preview:-1\" \/>\n<link rel=\"canonical\" href=\"https:\/\/www.metroquality.cl\/MQ\/servicios\/\" \/>\n<meta property=\"og:locale\" content=\"es_ES\" \/>\n<meta property=\"og:type\" content=\"article\" \/>\n<meta property=\"og:title\" content=\"Servicios - Calibraci\u00f3n Industrial y Servicios de Metrolog\u00eda | Metroquality\" \/>\n<meta property=\"og:description\" content=\"Servicios de Laboratorio\u200b - Control y Calibraci\u00f3n - Calibraci\u00f3n de Estanques\" \/>\n<meta property=\"og:url\" content=\"https:\/\/www.metroquality.cl\/MQ\/servicios\/\" \/>\n<meta property=\"og:site_name\" content=\"Calibraci\u00f3n Industrial y Servicios de Metrolog\u00eda | Metroquality\" \/>\n<meta property=\"article:publisher\" content=\"https:\/\/web.facebook.com\/people\/Metroquality-Ltda\/100068452404935\/\" \/>\n<meta property=\"article:modified_time\" content=\"2023-05-17T15:11:46+00:00\" \/>\n<meta property=\"og:image\" content=\"http:\/\/www.metroquality.cl\/MQ\/wp-content\/uploads\/2023\/05\/Laboratorio.png\" \/>\n<meta name=\"twitter:card\" content=\"summary_large_image\" \/>\n<meta name=\"twitter:label1\" content=\"Est. reading time\" \/>\n\t<meta name=\"twitter:data1\" content=\"2 minutos\" \/>\n<script type=\"application\/ld+json\" class=\"yoast-schema-graph\">{\"@context\":\"https:\/\/schema.org\",\"@graph\":[{\"@type\":\"WebPage\",\"@id\":\"https:\/\/www.metroquality.cl\/MQ\/servicios\/\",\"url\":\"https:\/\/www.metroquality.cl\/MQ\/servicios\/\",\"name\":\"Servicios - Calibraci\u00f3n Industrial y Servicios de Metrolog\u00eda | Metroquality\",\"isPartOf\":{\"@id\":\"https:\/\/www.metroquality.cl\/MQ\/#website\"},\"datePublished\":\"2022-10-17T10:03:13+00:00\",\"dateModified\":\"2023-05-17T15:11:46+00:00\",\"description\":\"Servicios de Laboratorio\u200b - Control y Calibraci\u00f3n - Calibraci\u00f3n de Estanques\",\"breadcrumb\":{\"@id\":\"https:\/\/www.metroquality.cl\/MQ\/servicios\/#breadcrumb\"},\"inLanguage\":\"es-CL\",\"potentialAction\":[{\"@type\":\"ReadAction\",\"target\":[\"https:\/\/www.metroquality.cl\/MQ\/servicios\/\"]}]},{\"@type\":\"BreadcrumbList\",\"@id\":\"https:\/\/www.metroquality.cl\/MQ\/servicios\/#breadcrumb\",\"itemListElement\":[{\"@type\":\"ListItem\",\"position\":1,\"name\":\"Portada\",\"item\":\"https:\/\/www.metroquality.cl\/MQ\/\"},{\"@type\":\"ListItem\",\"position\":2,\"name\":\"Servicios\"}]},{\"@type\":\"WebSite\",\"@id\":\"https:\/\/www.metroquality.cl\/MQ\/#website\",\"url\":\"https:\/\/www.metroquality.cl\/MQ\/\",\"name\":\"Calibraci\u00f3n Industrial y Servicios de Metrolog\u00eda | Metroquality | Metroquality Calibraci\u00f3n de Sistemas para Pesaje Industrial\",\"description\":\"Calibraci\u00f3n Industrial y Servicios de Metrolog\u00eda | Metroquality | Calibraci\u00f3n de Sistemas para Pesaje Industrial | calibraci\u00f3n industrial | laboratorio acreditado ISO 17025 | servicios medici\u00f3n industrial | calibraci\u00f3n de b\u00e1sculas | certificados de calibraci\u00f3n | control de calidad industrial\",\"publisher\":{\"@id\":\"https:\/\/www.metroquality.cl\/MQ\/#organization\"},\"alternateName\":\"Metrolog\u00eda Balanza calibraci\u00f3n pesas masas ejes camiones calibraci\u00f3n industrial laboratorio acreditado ISO 17025 servicios medici\u00f3n industrial calibraci\u00f3n de b\u00e1sculas certificados de calibraci\u00f3n control de calidad industrial\",\"potentialAction\":[{\"@type\":\"SearchAction\",\"target\":{\"@type\":\"EntryPoint\",\"urlTemplate\":\"https:\/\/www.metroquality.cl\/MQ\/?s={search_term_string}\"},\"query-input\":\"required name=search_term_string\"}],\"inLanguage\":\"es-CL\"},{\"@type\":\"Organization\",\"@id\":\"https:\/\/www.metroquality.cl\/MQ\/#organization\",\"name\":\"Calibraci\u00f3n Industrial y Servicios de Metrolog\u00eda | Metroquality | Metroquality Calibraci\u00f3n de Sistemas para Pesaje Industrial\",\"alternateName\":\"Laboratorio Tecnol\u00f3gico Metroquality Ltda.\",\"url\":\"https:\/\/www.metroquality.cl\/MQ\/\",\"logo\":{\"@type\":\"ImageObject\",\"inLanguage\":\"es-CL\",\"@id\":\"https:\/\/www.metroquality.cl\/MQ\/#\/schema\/logo\/image\/\",\"url\":\"https:\/\/www.metroquality.cl\/MQ\/wp-content\/uploads\/2023\/05\/Logo-WEB.png\",\"contentUrl\":\"https:\/\/www.metroquality.cl\/MQ\/wp-content\/uploads\/2023\/05\/Logo-WEB.png\",\"width\":311,\"height\":268,\"caption\":\"Calibraci\u00f3n Industrial y Servicios de Metrolog\u00eda | Metroquality | Metroquality Calibraci\u00f3n de Sistemas para Pesaje Industrial\"},\"image\":{\"@id\":\"https:\/\/www.metroquality.cl\/MQ\/#\/schema\/logo\/image\/\"},\"sameAs\":[\"https:\/\/web.facebook.com\/people\/Metroquality-Ltda\/100068452404935\/\"]}]}<\/script>\n<!-- \/ Yoast SEO plugin. -->","yoast_head_json":{"title":"Servicios - Calibraci\u00f3n Industrial y Servicios de Metrolog\u00eda | Metroquality","description":"Servicios de Laboratorio\u200b - Control y Calibraci\u00f3n - Calibraci\u00f3n de Estanques","robots":{"index":"index","follow":"follow","max-snippet":"max-snippet:-1","max-image-preview":"max-image-preview:large","max-video-preview":"max-video-preview:-1"},"canonical":"https:\/\/www.metroquality.cl\/MQ\/servicios\/","og_locale":"es_ES","og_type":"article","og_title":"Servicios - Calibraci\u00f3n Industrial y Servicios de Metrolog\u00eda | Metroquality","og_description":"Servicios de Laboratorio\u200b - Control y Calibraci\u00f3n - Calibraci\u00f3n de Estanques","og_url":"https:\/\/www.metroquality.cl\/MQ\/servicios\/","og_site_name":"Calibraci\u00f3n Industrial y Servicios de Metrolog\u00eda | Metroquality","article_publisher":"https:\/\/web.facebook.com\/people\/Metroquality-Ltda\/100068452404935\/","article_modified_time":"2023-05-17T15:11:46+00:00","og_image":[{"url":"http:\/\/www.metroquality.cl\/MQ\/wp-content\/uploads\/2023\/05\/Laboratorio.png"}],"twitter_card":"summary_large_image","twitter_misc":{"Est. reading time":"2 minutos"},"schema":{"@context":"https:\/\/schema.org","@graph":[{"@type":"WebPage","@id":"https:\/\/www.metroquality.cl\/MQ\/servicios\/","url":"https:\/\/www.metroquality.cl\/MQ\/servicios\/","name":"Servicios - Calibraci\u00f3n Industrial y Servicios de Metrolog\u00eda | Metroquality","isPartOf":{"@id":"https:\/\/www.metroquality.cl\/MQ\/#website"},"datePublished":"2022-10-17T10:03:13+00:00","dateModified":"2023-05-17T15:11:46+00:00","description":"Servicios de Laboratorio\u200b - Control y Calibraci\u00f3n - Calibraci\u00f3n de Estanques","breadcrumb":{"@id":"https:\/\/www.metroquality.cl\/MQ\/servicios\/#breadcrumb"},"inLanguage":"es-CL","potentialAction":[{"@type":"ReadAction","target":["https:\/\/www.metroquality.cl\/MQ\/servicios\/"]}]},{"@type":"BreadcrumbList","@id":"https:\/\/www.metroquality.cl\/MQ\/servicios\/#breadcrumb","itemListElement":[{"@type":"ListItem","position":1,"name":"Portada","item":"https:\/\/www.metroquality.cl\/MQ\/"},{"@type":"ListItem","position":2,"name":"Servicios"}]},{"@type":"WebSite","@id":"https:\/\/www.metroquality.cl\/MQ\/#website","url":"https:\/\/www.metroquality.cl\/MQ\/","name":"Calibraci\u00f3n Industrial y Servicios de Metrolog\u00eda | Metroquality | Metroquality Calibraci\u00f3n de Sistemas para Pesaje Industrial","description":"Calibraci\u00f3n Industrial y Servicios de Metrolog\u00eda | Metroquality | Calibraci\u00f3n de Sistemas para Pesaje Industrial | calibraci\u00f3n industrial | laboratorio acreditado ISO 17025 | servicios medici\u00f3n industrial | calibraci\u00f3n de b\u00e1sculas | certificados de calibraci\u00f3n | control de calidad industrial","publisher":{"@id":"https:\/\/www.metroquality.cl\/MQ\/#organization"},"alternateName":"Metrolog\u00eda Balanza calibraci\u00f3n pesas masas ejes camiones calibraci\u00f3n industrial laboratorio acreditado ISO 17025 servicios medici\u00f3n industrial calibraci\u00f3n de b\u00e1sculas certificados de calibraci\u00f3n control de calidad industrial","potentialAction":[{"@type":"SearchAction","target":{"@type":"EntryPoint","urlTemplate":"https:\/\/www.metroquality.cl\/MQ\/?s={search_term_string}"},"query-input":"required name=search_term_string"}],"inLanguage":"es-CL"},{"@type":"Organization","@id":"https:\/\/www.metroquality.cl\/MQ\/#organization","name":"Calibraci\u00f3n Industrial y Servicios de Metrolog\u00eda | Metroquality | Metroquality Calibraci\u00f3n de Sistemas para Pesaje Industrial","alternateName":"Laboratorio Tecnol\u00f3gico Metroquality Ltda.","url":"https:\/\/www.metroquality.cl\/MQ\/","logo":{"@type":"ImageObject","inLanguage":"es-CL","@id":"https:\/\/www.metroquality.cl\/MQ\/#\/schema\/logo\/image\/","url":"https:\/\/www.metroquality.cl\/MQ\/wp-content\/uploads\/2023\/05\/Logo-WEB.png","contentUrl":"https:\/\/www.metroquality.cl\/MQ\/wp-content\/uploads\/2023\/05\/Logo-WEB.png","width":311,"height":268,"caption":"Calibraci\u00f3n Industrial y Servicios de Metrolog\u00eda | Metroquality | Metroquality Calibraci\u00f3n de Sistemas para Pesaje Industrial"},"image":{"@id":"https:\/\/www.metroquality.cl\/MQ\/#\/schema\/logo\/image\/"},"sameAs":["https:\/\/web.facebook.com\/people\/Metroquality-Ltda\/100068452404935\/"]}]}},"uagb_featured_image_src":{"full":false,"thumbnail":false,"medium":false,"medium_large":false,"large":false,"1536x1536":false,"2048x2048":false},"uagb_author_info":{"display_name":"rcfAdmin","author_link":"https:\/\/www.metroquality.cl\/MQ\/author\/rcfadmin\/"},"uagb_comment_info":0,"uagb_excerpt":"NUESTROS SERVICIOS","_links":{"self":[{"href":"https:\/\/www.metroquality.cl\/MQ\/wp-json\/wp\/v2\/pages\/996","targetHints":{"allow":["GET"]}}],"collection":[{"href":"https:\/\/www.metroquality.cl\/MQ\/wp-json\/wp\/v2\/pages"}],"about":[{"href":"https:\/\/www.metroquality.cl\/MQ\/wp-json\/wp\/v2\/types\/page"}],"author":[{"embeddable":true,"href":"https:\/\/www.metroquality.cl\/MQ\/wp-json\/wp\/v2\/users\/1"}],"replies":[{"embeddable":true,"href":"https:\/\/www.metroquality.cl\/MQ\/wp-json\/wp\/v2\/comments?post=996"}],"version-history":[{"count":5,"href":"https:\/\/www.metroquality.cl\/MQ\/wp-json\/wp\/v2\/pages\/996\/revisions"}],"predecessor-version":[{"id":1321,"href":"https:\/\/www.metroquality.cl\/MQ\/wp-json\/wp\/v2\/pages\/996\/revisions\/1321"}],"wp:attachment":[{"href":"https:\/\/www.metroquality.cl\/MQ\/wp-json\/wp\/v2\/media?parent=996"}],"curies":[{"name":"wp","href":"https:\/\/api.w.org\/{rel}","templated":true}]}}