{"id":78,"date":"2022-10-17T07:03:13","date_gmt":"2022-10-17T10:03:13","guid":{"rendered":"http:\/\/www.metroquality.cl\/MQ\/home\/"},"modified":"2025-11-26T14:11:18","modified_gmt":"2025-11-26T17:11:18","slug":"inicio","status":"publish","type":"page","link":"https:\/\/www.metroquality.cl\/MQ\/","title":{"rendered":"Inicio"},"content":{"rendered":"\n<div class=\"wp-block-uagb-container uagb-block-36558c1d alignfull uagb-is-root-container\"><\/div>\n\n\n\n<div class=\"wp-block-uagb-container uagb-block-e93ef387 alignfull uagb-is-root-container\"><div class=\"uagb-container-inner-blocks-wrap\">\n<div class=\"wp-block-uagb-container uagb-block-7c042baa\">\n<div class=\"wp-block-uagb-info-box uagb-block-6cfc35c4 uagb-infobox__content-wrap  uagb-infobox-icon-above-title uagb-infobox-image-valign-top\"><div class=\"uagb-ifb-content\"><div class=\"uagb-ifb-image-content\"><img decoding=\"async\" src=\"https:\/\/www.metroquality.cl\/MQ\/wp-content\/uploads\/2023\/05\/Laboratorio.png\" alt=\"\" width=\"100\" height=\"99\" loading=\"lazy\"\/><\/div><div class=\"uagb-ifb-title-wrap\"><h4 class=\"uagb-ifb-title\"><strong>Servicios de Laboratorio<\/strong><\/h4><\/div><div class=\"uagb-ifb-separator\"><\/div><p class=\"uagb-ifb-desc\">Nuestro laboratorio opera bajo un sistema de gesti\u00f3n de acuerdo a la norma ISO\/TEC 17025, acreditado por el INN.<br><br><\/p><div class=\"uagb-ifb-button-wrapper wp-block-button\"><a href=\"servicios\" class=\"uagb-infobox-cta-link wp-block-button__link\" target=\"_self\" rel=\"noopener noreferrer\" onclick=\"return true;\" alt=\"\"><span class=\"uagb-inline-editing\">Saber M\u00e1s<\/span><\/a><\/div><\/div><\/div>\n<\/div>\n\n\n\n<div class=\"wp-block-uagb-container uagb-block-99f236f5\">\n<div class=\"wp-block-uagb-info-box uagb-block-4391f439 uagb-infobox__content-wrap  uagb-infobox-icon-above-title uagb-infobox-image-valign-top\"><div class=\"uagb-ifb-content\"><div class=\"uagb-ifb-image-content\"><img decoding=\"async\" src=\"https:\/\/www.metroquality.cl\/MQ\/wp-content\/uploads\/2023\/05\/terre.png\" alt=\"\" width=\"100\" height=\"99\" loading=\"lazy\"\/><\/div><div class=\"uagb-ifb-title-wrap\"><h4 class=\"uagb-ifb-title\"><strong>Control y Calibraci\u00f3n<\/strong><\/h4><\/div><div class=\"uagb-ifb-separator\"><\/div><p class=\"uagb-ifb-desc\">Las calibraciones son realizadas de acuerdo a las recomendaciones establecidas por la Organizaci\u00f3n Internacional de Metrolog\u00eda Legal, OIML.<br><\/p><div class=\"uagb-ifb-button-wrapper wp-block-button\"><a href=\"servicios\" class=\"uagb-infobox-cta-link wp-block-button__link\" target=\"_self\" rel=\"noopener noreferrer\" onclick=\"return true;\" alt=\"\"><span class=\"uagb-inline-editing\">Saber M\u00e1s<\/span><\/a><\/div><\/div><\/div>\n<\/div>\n\n\n\n<div class=\"wp-block-uagb-container uagb-block-8f974e05\">\n<div class=\"wp-block-uagb-info-box uagb-block-1d43c1cf uagb-infobox__content-wrap  uagb-infobox-icon-above-title uagb-infobox-image-valign-top\"><div class=\"uagb-ifb-content\"><div class=\"uagb-ifb-image-content\"><img decoding=\"async\" src=\"https:\/\/www.metroquality.cl\/MQ\/wp-content\/uploads\/2023\/05\/otros-serv.png\" alt=\"\" width=\"100\" height=\"99\" loading=\"lazy\"\/><\/div><div class=\"uagb-ifb-title-wrap\"><h4 class=\"uagb-ifb-title\"><strong>Calibraci\u00f3n de Estanques<\/strong><\/h4><\/div><div class=\"uagb-ifb-separator\"><\/div><p class=\"uagb-ifb-desc\">Se realiza de acuerdo a las normas del American Petroleum Institute (API) o de la International Standards Organization (ISO), seg\u00fan requerimientos del cliente.<br><\/p><div class=\"uagb-ifb-button-wrapper wp-block-button\"><a href=\"servicios\" class=\"uagb-infobox-cta-link wp-block-button__link\" target=\"_self\" rel=\"noopener noreferrer\" onclick=\"return true;\" alt=\"\"><span class=\"uagb-inline-editing\">Saber M\u00e1s<\/span><\/a><\/div><\/div><\/div>\n<\/div>\n<\/div><\/div>\n\n\n\n<div class=\"wp-block-uagb-container uagb-block-b46bf069 alignfull uagb-is-root-container\"><div class=\"uagb-container-inner-blocks-wrap\">\n<div class=\"wp-block-uagb-container uagb-block-8cc2bde8\">\n<div class=\"wp-block-uagb-info-box uagb-block-88a18345 uagb-infobox__content-wrap  uagb-infobox-icon-above-title uagb-infobox-image-valign-top\"><div class=\"uagb-ifb-content\"><div class=\"uagb-ifb-title-wrap\"><h2 class=\"uagb-ifb-title\">NOSOTROS<\/h2><\/div><p class=\"uagb-ifb-desc\">Somos un laboratorio independiente con m\u00e1s 20 a\u00f1os de experiencia.&nbsp; Nuestra imparcialidad, nos avala.<br>Nuestro&nbsp; principal objetivo es proveer soluciones pr\u00e1cticas, oportunas y a un costo competitivo en los servicios&nbsp; relacionados con la calibraci\u00f3n de equipos industriales, fundamentalmente para el \u00e1rea de pesaje.<br><\/p><div class=\"uagb-ifb-button-wrapper wp-block-button\"><a href=\"somos\" class=\"uagb-infobox-cta-link wp-block-button__link\" target=\"_self\" rel=\"noopener noreferrer\" onclick=\"return true;\" alt=\"\"><span class=\"uagb-inline-editing\">Saber M\u00e1s<\/span><\/a><\/div><\/div><\/div>\n<\/div>\n\n\n\n<div class=\"wp-block-uagb-container uagb-block-9ef08412\">\n<div class=\"wp-block-uagb-image uagb-block-5e8a4f55 wp-block-uagb-image--layout-default wp-block-uagb-image--effect-static wp-block-uagb-image--align-none\"><figure class=\"wp-block-uagb-image__figure\"><img decoding=\"async\" srcset=\"https:\/\/www.metroquality.cl\/MQ\/wp-content\/uploads\/2023\/05\/Logo-WEB-300x259.png ,https:\/\/www.metroquality.cl\/MQ\/wp-content\/uploads\/2022\/10\/Our-Mission-min.jpg 780w, https:\/\/www.metroquality.cl\/MQ\/wp-content\/uploads\/2023\/05\/Logo-WEB.png 360w\" sizes=\"auto, (max-width: 480px) 150px\" src=\"https:\/\/www.metroquality.cl\/MQ\/wp-content\/uploads\/2023\/05\/Logo-WEB-300x259.png\" alt=\"\" class=\"uag-image-1203\" width=\"416\" height=\"259\" title=\"\" loading=\"lazy\"\/><\/figure><\/div>\n<\/div>\n<\/div><\/div>\n\n\n\n<div class=\"wp-block-uagb-container uagb-block-8183a9ef alignfull uagb-is-root-container\"><div class=\"uagb-container-inner-blocks-wrap\">\n<div class=\"wp-block-uagb-call-to-action uagb-block-2bc61b6a wp-block-button\"><div class=\"uagb-cta__wrap\"><h2 class=\"uagb-cta__title\">CONTACTANOS<\/h2><p class=\"uagb-cta__desc\">\u00bfTienes dudas o consultas? <br>Trabajamos con empresas asociadas de reconocido prestigio.<\/p><\/div><div class=\"uagb-cta__buttons\"><a href=\"contacto\" class=\"uagb-cta__button-link-wrapper wp-block-button__link\" target=\"_self\" rel=\"noopener noreferrer\">CLICK  AQU\u00cd<\/a><\/div><\/div>\n<\/div><\/div>\n","protected":false},"excerpt":{"rendered":"","protected":false},"author":1,"featured_media":0,"parent":0,"menu_order":0,"comment_status":"closed","ping_status":"closed","template":"","meta":{"_uag_custom_page_level_css":"","site-sidebar-layout":"default","site-content-layout":"page-builder","ast-global-header-display":"","ast-banner-title-visibility":"","ast-main-header-display":"","ast-hfb-above-header-display":"","ast-hfb-below-header-display":"","ast-hfb-mobile-header-display":"","site-post-title":"disabled","ast-breadcrumbs-content":"","ast-featured-img":"","footer-sml-layout":"","theme-transparent-header-meta":"disabled","adv-header-id-meta":"","stick-header-meta":"","header-above-stick-meta":"","header-main-stick-meta":"","header-below-stick-meta":"","footnotes":""},"class_list":["post-78","page","type-page","status-publish","hentry"],"yoast_head":"<!-- This site is optimized with the Yoast SEO plugin v20.7 - https:\/\/yoast.com\/wordpress\/plugins\/seo\/ -->\n<title>Inicio - Calibraci\u00f3n Industrial y Servicios de Metrolog\u00eda | Metroquality<\/title>\n<meta name=\"robots\" content=\"index, follow, max-snippet:-1, max-image-preview:large, max-video-preview:-1\" \/>\n<link rel=\"canonical\" href=\"https:\/\/www.metroquality.cl\/MQ\/\" \/>\n<meta property=\"og:locale\" content=\"es_ES\" \/>\n<meta property=\"og:type\" content=\"article\" \/>\n<meta property=\"og:title\" content=\"Inicio - Calibraci\u00f3n Industrial y Servicios de Metrolog\u00eda | Metroquality\" \/>\n<meta property=\"og:url\" content=\"https:\/\/www.metroquality.cl\/MQ\/\" \/>\n<meta property=\"og:site_name\" content=\"Calibraci\u00f3n Industrial y Servicios de Metrolog\u00eda | Metroquality\" \/>\n<meta property=\"article:publisher\" content=\"https:\/\/web.facebook.com\/people\/Metroquality-Ltda\/100068452404935\/\" \/>\n<meta property=\"article:modified_time\" content=\"2025-11-26T17:11:18+00:00\" \/>\n<meta property=\"og:image\" content=\"http:\/\/www.metroquality.cl\/MQ\/wp-content\/uploads\/2023\/05\/Laboratorio.png\" \/>\n<meta name=\"twitter:card\" content=\"summary_large_image\" \/>\n<meta name=\"twitter:label1\" content=\"Est. reading time\" \/>\n\t<meta name=\"twitter:data1\" content=\"2 minutos\" \/>\n<script type=\"application\/ld+json\" class=\"yoast-schema-graph\">{\"@context\":\"https:\/\/schema.org\",\"@graph\":[{\"@type\":\"WebPage\",\"@id\":\"https:\/\/www.metroquality.cl\/MQ\/\",\"url\":\"https:\/\/www.metroquality.cl\/MQ\/\",\"name\":\"Inicio - Calibraci\u00f3n Industrial y Servicios de Metrolog\u00eda | Metroquality\",\"isPartOf\":{\"@id\":\"https:\/\/www.metroquality.cl\/MQ\/#website\"},\"datePublished\":\"2022-10-17T10:03:13+00:00\",\"dateModified\":\"2025-11-26T17:11:18+00:00\",\"breadcrumb\":{\"@id\":\"https:\/\/www.metroquality.cl\/MQ\/#breadcrumb\"},\"inLanguage\":\"es-CL\",\"potentialAction\":[{\"@type\":\"ReadAction\",\"target\":[\"https:\/\/www.metroquality.cl\/MQ\/\"]}]},{\"@type\":\"BreadcrumbList\",\"@id\":\"https:\/\/www.metroquality.cl\/MQ\/#breadcrumb\",\"itemListElement\":[{\"@type\":\"ListItem\",\"position\":1,\"name\":\"Portada\",\"item\":\"https:\/\/www.metroquality.cl\/MQ\/\"},{\"@type\":\"ListItem\",\"position\":2,\"name\":\"Inicio\"}]},{\"@type\":\"WebSite\",\"@id\":\"https:\/\/www.metroquality.cl\/MQ\/#website\",\"url\":\"https:\/\/www.metroquality.cl\/MQ\/\",\"name\":\"Calibraci\u00f3n Industrial y Servicios de Metrolog\u00eda | Metroquality | Metroquality Calibraci\u00f3n de Sistemas para Pesaje Industrial\",\"description\":\"Calibraci\u00f3n Industrial y Servicios de Metrolog\u00eda | Metroquality | Calibraci\u00f3n de Sistemas para Pesaje Industrial | calibraci\u00f3n industrial | laboratorio acreditado ISO 17025 | servicios medici\u00f3n industrial | calibraci\u00f3n de b\u00e1sculas | certificados de calibraci\u00f3n | control de calidad industrial\",\"publisher\":{\"@id\":\"https:\/\/www.metroquality.cl\/MQ\/#organization\"},\"alternateName\":\"Metrolog\u00eda Balanza calibraci\u00f3n pesas masas ejes camiones calibraci\u00f3n industrial laboratorio acreditado ISO 17025 servicios medici\u00f3n industrial calibraci\u00f3n de b\u00e1sculas certificados de calibraci\u00f3n control de calidad industrial\",\"potentialAction\":[{\"@type\":\"SearchAction\",\"target\":{\"@type\":\"EntryPoint\",\"urlTemplate\":\"https:\/\/www.metroquality.cl\/MQ\/?s={search_term_string}\"},\"query-input\":\"required name=search_term_string\"}],\"inLanguage\":\"es-CL\"},{\"@type\":\"Organization\",\"@id\":\"https:\/\/www.metroquality.cl\/MQ\/#organization\",\"name\":\"Calibraci\u00f3n Industrial y Servicios de Metrolog\u00eda | Metroquality | Metroquality Calibraci\u00f3n de Sistemas para Pesaje Industrial\",\"alternateName\":\"Laboratorio Tecnol\u00f3gico Metroquality Ltda.\",\"url\":\"https:\/\/www.metroquality.cl\/MQ\/\",\"logo\":{\"@type\":\"ImageObject\",\"inLanguage\":\"es-CL\",\"@id\":\"https:\/\/www.metroquality.cl\/MQ\/#\/schema\/logo\/image\/\",\"url\":\"https:\/\/www.metroquality.cl\/MQ\/wp-content\/uploads\/2023\/05\/Logo-WEB.png\",\"contentUrl\":\"https:\/\/www.metroquality.cl\/MQ\/wp-content\/uploads\/2023\/05\/Logo-WEB.png\",\"width\":311,\"height\":268,\"caption\":\"Calibraci\u00f3n Industrial y Servicios de Metrolog\u00eda | Metroquality | Metroquality Calibraci\u00f3n de Sistemas para Pesaje Industrial\"},\"image\":{\"@id\":\"https:\/\/www.metroquality.cl\/MQ\/#\/schema\/logo\/image\/\"},\"sameAs\":[\"https:\/\/web.facebook.com\/people\/Metroquality-Ltda\/100068452404935\/\"]}]}<\/script>\n<!-- \/ Yoast SEO plugin. -->","yoast_head_json":{"title":"Inicio - Calibraci\u00f3n Industrial y Servicios de Metrolog\u00eda | Metroquality","robots":{"index":"index","follow":"follow","max-snippet":"max-snippet:-1","max-image-preview":"max-image-preview:large","max-video-preview":"max-video-preview:-1"},"canonical":"https:\/\/www.metroquality.cl\/MQ\/","og_locale":"es_ES","og_type":"article","og_title":"Inicio - Calibraci\u00f3n Industrial y Servicios de Metrolog\u00eda | Metroquality","og_url":"https:\/\/www.metroquality.cl\/MQ\/","og_site_name":"Calibraci\u00f3n Industrial y Servicios de Metrolog\u00eda | Metroquality","article_publisher":"https:\/\/web.facebook.com\/people\/Metroquality-Ltda\/100068452404935\/","article_modified_time":"2025-11-26T17:11:18+00:00","og_image":[{"url":"http:\/\/www.metroquality.cl\/MQ\/wp-content\/uploads\/2023\/05\/Laboratorio.png"}],"twitter_card":"summary_large_image","twitter_misc":{"Est. reading time":"2 minutos"},"schema":{"@context":"https:\/\/schema.org","@graph":[{"@type":"WebPage","@id":"https:\/\/www.metroquality.cl\/MQ\/","url":"https:\/\/www.metroquality.cl\/MQ\/","name":"Inicio - Calibraci\u00f3n Industrial y Servicios de Metrolog\u00eda | Metroquality","isPartOf":{"@id":"https:\/\/www.metroquality.cl\/MQ\/#website"},"datePublished":"2022-10-17T10:03:13+00:00","dateModified":"2025-11-26T17:11:18+00:00","breadcrumb":{"@id":"https:\/\/www.metroquality.cl\/MQ\/#breadcrumb"},"inLanguage":"es-CL","potentialAction":[{"@type":"ReadAction","target":["https:\/\/www.metroquality.cl\/MQ\/"]}]},{"@type":"BreadcrumbList","@id":"https:\/\/www.metroquality.cl\/MQ\/#breadcrumb","itemListElement":[{"@type":"ListItem","position":1,"name":"Portada","item":"https:\/\/www.metroquality.cl\/MQ\/"},{"@type":"ListItem","position":2,"name":"Inicio"}]},{"@type":"WebSite","@id":"https:\/\/www.metroquality.cl\/MQ\/#website","url":"https:\/\/www.metroquality.cl\/MQ\/","name":"Calibraci\u00f3n Industrial y Servicios de Metrolog\u00eda | Metroquality | Metroquality Calibraci\u00f3n de Sistemas para Pesaje Industrial","description":"Calibraci\u00f3n Industrial y Servicios de Metrolog\u00eda | Metroquality | Calibraci\u00f3n de Sistemas para Pesaje Industrial | calibraci\u00f3n industrial | laboratorio acreditado ISO 17025 | servicios medici\u00f3n industrial | calibraci\u00f3n de b\u00e1sculas | certificados de calibraci\u00f3n | control de calidad industrial","publisher":{"@id":"https:\/\/www.metroquality.cl\/MQ\/#organization"},"alternateName":"Metrolog\u00eda Balanza calibraci\u00f3n pesas masas ejes camiones calibraci\u00f3n industrial laboratorio acreditado ISO 17025 servicios medici\u00f3n industrial calibraci\u00f3n de b\u00e1sculas certificados de calibraci\u00f3n control de calidad industrial","potentialAction":[{"@type":"SearchAction","target":{"@type":"EntryPoint","urlTemplate":"https:\/\/www.metroquality.cl\/MQ\/?s={search_term_string}"},"query-input":"required name=search_term_string"}],"inLanguage":"es-CL"},{"@type":"Organization","@id":"https:\/\/www.metroquality.cl\/MQ\/#organization","name":"Calibraci\u00f3n Industrial y Servicios de Metrolog\u00eda | Metroquality | Metroquality Calibraci\u00f3n de Sistemas para Pesaje Industrial","alternateName":"Laboratorio Tecnol\u00f3gico Metroquality Ltda.","url":"https:\/\/www.metroquality.cl\/MQ\/","logo":{"@type":"ImageObject","inLanguage":"es-CL","@id":"https:\/\/www.metroquality.cl\/MQ\/#\/schema\/logo\/image\/","url":"https:\/\/www.metroquality.cl\/MQ\/wp-content\/uploads\/2023\/05\/Logo-WEB.png","contentUrl":"https:\/\/www.metroquality.cl\/MQ\/wp-content\/uploads\/2023\/05\/Logo-WEB.png","width":311,"height":268,"caption":"Calibraci\u00f3n Industrial y Servicios de Metrolog\u00eda | Metroquality | Metroquality Calibraci\u00f3n de Sistemas para Pesaje Industrial"},"image":{"@id":"https:\/\/www.metroquality.cl\/MQ\/#\/schema\/logo\/image\/"},"sameAs":["https:\/\/web.facebook.com\/people\/Metroquality-Ltda\/100068452404935\/"]}]}},"uagb_featured_image_src":{"full":false,"thumbnail":false,"medium":false,"medium_large":false,"large":false,"1536x1536":false,"2048x2048":false},"uagb_author_info":{"display_name":"rcfAdmin","author_link":"https:\/\/www.metroquality.cl\/MQ\/author\/rcfadmin\/"},"uagb_comment_info":0,"uagb_excerpt":null,"_links":{"self":[{"href":"https:\/\/www.metroquality.cl\/MQ\/wp-json\/wp\/v2\/pages\/78","targetHints":{"allow":["GET"]}}],"collection":[{"href":"https:\/\/www.metroquality.cl\/MQ\/wp-json\/wp\/v2\/pages"}],"about":[{"href":"https:\/\/www.metroquality.cl\/MQ\/wp-json\/wp\/v2\/types\/page"}],"author":[{"embeddable":true,"href":"https:\/\/www.metroquality.cl\/MQ\/wp-json\/wp\/v2\/users\/1"}],"replies":[{"embeddable":true,"href":"https:\/\/www.metroquality.cl\/MQ\/wp-json\/wp\/v2\/comments?post=78"}],"version-history":[{"count":8,"href":"https:\/\/www.metroquality.cl\/MQ\/wp-json\/wp\/v2\/pages\/78\/revisions"}],"predecessor-version":[{"id":1344,"href":"https:\/\/www.metroquality.cl\/MQ\/wp-json\/wp\/v2\/pages\/78\/revisions\/1344"}],"wp:attachment":[{"href":"https:\/\/www.metroquality.cl\/MQ\/wp-json\/wp\/v2\/media?parent=78"}],"curies":[{"name":"wp","href":"https:\/\/api.w.org\/{rel}","templated":true}]}}