{"id":1002,"date":"2022-10-17T07:27:30","date_gmt":"2022-10-17T10:27:30","guid":{"rendered":"http:\/\/www.metroquality.cl\/MQ\/about-5\/"},"modified":"2023-05-17T12:12:53","modified_gmt":"2023-05-17T15:12:53","slug":"somos","status":"publish","type":"page","link":"https:\/\/www.metroquality.cl\/MQ\/somos\/","title":{"rendered":"Somos"},"content":{"rendered":"\n<div class=\"wp-block-uagb-container uagb-block-47ab5da3 alignfull uagb-is-root-container\"><div class=\"uagb-container-inner-blocks-wrap\">\n<div class=\"wp-block-uagb-advanced-heading uagb-block-1f2897a7\"><h1 class=\"uagb-heading-text\">\u00bfQUIENES SOMOS?<\/h1><\/div>\n<\/div><\/div>\n\n\n\n<div class=\"wp-block-uagb-container uagb-block-2ea76ab6 alignwide uagb-is-root-container\">\n<div class=\"wp-block-uagb-container uagb-block-3229159c\">\n<div class=\"wp-block-uagb-info-box uagb-block-7c2dd6a7 uagb-infobox__content-wrap  uagb-infobox-icon-above-title uagb-infobox-image-valign-top\"><div class=\"uagb-ifb-content\"><div class=\"uagb-ifb-title-wrap\"><h2 class=\"uagb-ifb-title\">Nuestra Empresa<\/h2><\/div><p class=\"uagb-ifb-desc\">Metroquality Ltda., desde sus inicios (a\u00f1o 2000), ha participado en la implementaci\u00f3n y desarrollo de proyectos relacionados principalmente con el \u00e1rea de pesaje en empresas importantes del sector productivo y&nbsp; exportador. Estamos&nbsp; capacitados t\u00e9cnica y estructuralmente para asistir a nuestros clientes a lo largo de todo Chile.<br>Nuestro&nbsp; principal objetivo es proveer soluciones pr\u00e1cticas, oportunas y a un costo competitivo en los servicios&nbsp; relacionados con la calibraci\u00f3n de equipos industriales, fundamentalmente para el \u00e1rea de pesaje.<br>Nuestra propuesta de productos y servicios est\u00e1 dada por la capacidad t\u00e9cnica de nuestro personal, ingenieros, t\u00e9cnicos y colaboradores que poseen una experiencia de m\u00e1s de 25 a\u00f1os en actividades relacionados con la metrolog\u00eda industrial y supervisiones t\u00e9cnicas. A esto se suma el uso de la mejor tecnolog\u00eda disponible en el mercado, la que cumple con estrictas normas de certificaci\u00f3n y calidad acreditadas por organismos oficiales y representativos de la industria.<br>METRO QUALITY LTDA. Esta absolutamente comprometido con el concepto de calidad, por esta raz\u00f3n mantiene un sistema de aseguramiento de la calidad para garantizar los servicios que otorga y adem\u00e1s se encuentra acreditado, por el Instituto Nacional de Normalizaci\u00f3n de Chile (INN) seg\u00fan la norma&nbsp; ISO\/IEC 17025:2005., lo que asegura la trazabilidad de sus mediciones.<\/p><\/div><\/div>\n<\/div>\n\n\n\n<div class=\"wp-block-uagb-container uagb-block-0918b20b\">\n<div class=\"wp-block-uagb-image uagb-block-5b5be03a wp-block-uagb-image--layout-default wp-block-uagb-image--effect-static wp-block-uagb-image--align-none\"><figure class=\"wp-block-uagb-image__figure\"><img decoding=\"async\" srcset=\"https:\/\/www.metroquality.cl\/MQ\/wp-content\/uploads\/2023\/05\/Camion5.jpg \" sizes=\"(max-width: 480px) 150px\" src=\"https:\/\/www.metroquality.cl\/MQ\/wp-content\/uploads\/2023\/05\/Camion5.jpg\" alt=\"\" class=\"uag-image-1252\" title=\"\" loading=\"lazy\"\/><\/figure><\/div>\n<\/div>\n<\/div>\n\n\n\n<div class=\"wp-block-uagb-container uagb-block-f7014a21 alignfull uagb-is-root-container\"><div class=\"uagb-container-inner-blocks-wrap\">\n<div class=\"wp-block-uagb-container uagb-block-93c19b52\">\n<div class=\"wp-block-uagb-image uagb-block-6e07a21f wp-block-uagb-image--layout-default wp-block-uagb-image--effect-static wp-block-uagb-image--align-none\"><figure class=\"wp-block-uagb-image__figure\"><img decoding=\"async\" srcset=\"https:\/\/www.metroquality.cl\/MQ\/wp-content\/uploads\/2023\/05\/Logo-WEB.png \" sizes=\"auto, (max-width: 480px) 150px\" src=\"https:\/\/www.metroquality.cl\/MQ\/wp-content\/uploads\/2023\/05\/Logo-WEB.png\" alt=\"\" class=\"uag-image-1203\" width=\"573\" height=\"395\" title=\"\" loading=\"lazy\"\/><\/figure><\/div>\n<\/div>\n\n\n\n<div class=\"wp-block-uagb-container uagb-block-517b46cc\">\n<div class=\"wp-block-uagb-info-box uagb-block-89c91121 uagb-infobox__content-wrap  uagb-infobox-icon-above-title uagb-infobox-image-valign-top\"><div class=\"uagb-ifb-content\"><div class=\"uagb-ifb-title-wrap\"><h2 class=\"uagb-ifb-title\">Nuestra Misi\u00f3n<\/h2><\/div><p class=\"uagb-ifb-desc\">Entregar al sector productivo y exportador servicios de excelencia t\u00e9cnica que respondan a sus necesidades operativas en cada proceso y que aporten efectivamente al cumplimiento de sus metas y generar as\u00ed lazos duraderos y de confianza con cada uno de nuestros clientes.<\/p><\/div><\/div>\n<\/div>\n<\/div><\/div>\n\n\n\n<div class=\"wp-block-uagb-container uagb-block-fe3708f4 alignfull uagb-is-root-container\"><div class=\"uagb-container-inner-blocks-wrap\">\n<div class=\"wp-block-uagb-call-to-action uagb-block-0952139b wp-block-button\"><div class=\"uagb-cta__wrap\"><h2 class=\"uagb-cta__title\">CONOCE NUESTROS SERVICIOS<\/h2><p class=\"uagb-cta__desc\">Somos un laboratorio independiente con m\u00e1s 20 a\u00f1os de experiencia.&nbsp; Nuestra imparcialidad, nos avala.<br>Contamos con personal disponible y especializado que brindar\u00e1 soporte oportuno a nuestros clientes, cuando lo soliciten.<\/p><\/div><div class=\"uagb-cta__buttons\"><a href=\"https:\/\/www.metroquality.cl\/MQ\/servicios\/\" class=\"uagb-cta__button-link-wrapper wp-block-button__link\" target=\"_self\" rel=\"noopener noreferrer\">NUESTROS SERVICIOS<\/a><\/div><\/div>\n<\/div><\/div>\n","protected":false},"excerpt":{"rendered":"<p>\u00bfQUIENES SOMOS?<\/p>\n","protected":false},"author":1,"featured_media":0,"parent":0,"menu_order":0,"comment_status":"closed","ping_status":"closed","template":"","meta":{"_uag_custom_page_level_css":"","site-sidebar-layout":"default","site-content-layout":"default","ast-global-header-display":"","ast-banner-title-visibility":"","ast-main-header-display":"","ast-hfb-above-header-display":"","ast-hfb-below-header-display":"","ast-hfb-mobile-header-display":"","site-post-title":"disabled","ast-breadcrumbs-content":"","ast-featured-img":"","footer-sml-layout":"","theme-transparent-header-meta":"disabled","adv-header-id-meta":"","stick-header-meta":"","header-above-stick-meta":"","header-main-stick-meta":"","header-below-stick-meta":"","footnotes":""},"class_list":["post-1002","page","type-page","status-publish","hentry"],"yoast_head":"<!-- This site is optimized with the Yoast SEO plugin v20.7 - https:\/\/yoast.com\/wordpress\/plugins\/seo\/ -->\n<title>Somos - Calibraci\u00f3n Industrial y Servicios de Metrolog\u00eda | Metroquality<\/title>\n<meta name=\"robots\" content=\"index, follow, max-snippet:-1, max-image-preview:large, max-video-preview:-1\" \/>\n<link rel=\"canonical\" href=\"https:\/\/www.metroquality.cl\/MQ\/somos\/\" \/>\n<meta property=\"og:locale\" content=\"es_ES\" \/>\n<meta property=\"og:type\" content=\"article\" \/>\n<meta property=\"og:title\" content=\"Somos - Calibraci\u00f3n Industrial y Servicios de Metrolog\u00eda | Metroquality\" \/>\n<meta property=\"og:description\" content=\"\u00bfQUIENES SOMOS?\" \/>\n<meta property=\"og:url\" content=\"https:\/\/www.metroquality.cl\/MQ\/somos\/\" \/>\n<meta property=\"og:site_name\" content=\"Calibraci\u00f3n Industrial y Servicios de Metrolog\u00eda | Metroquality\" \/>\n<meta property=\"article:publisher\" content=\"https:\/\/web.facebook.com\/people\/Metroquality-Ltda\/100068452404935\/\" \/>\n<meta property=\"article:modified_time\" content=\"2023-05-17T15:12:53+00:00\" \/>\n<meta property=\"og:image\" content=\"http:\/\/www.metroquality.cl\/MQ\/wp-content\/uploads\/2023\/05\/Camion5.jpg\" \/>\n<meta name=\"twitter:card\" content=\"summary_large_image\" \/>\n<meta name=\"twitter:label1\" content=\"Est. reading time\" \/>\n\t<meta name=\"twitter:data1\" content=\"2 minutos\" \/>\n<script type=\"application\/ld+json\" class=\"yoast-schema-graph\">{\"@context\":\"https:\/\/schema.org\",\"@graph\":[{\"@type\":\"WebPage\",\"@id\":\"https:\/\/www.metroquality.cl\/MQ\/somos\/\",\"url\":\"https:\/\/www.metroquality.cl\/MQ\/somos\/\",\"name\":\"Somos - Calibraci\u00f3n Industrial y Servicios de Metrolog\u00eda | Metroquality\",\"isPartOf\":{\"@id\":\"https:\/\/www.metroquality.cl\/MQ\/#website\"},\"datePublished\":\"2022-10-17T10:27:30+00:00\",\"dateModified\":\"2023-05-17T15:12:53+00:00\",\"breadcrumb\":{\"@id\":\"https:\/\/www.metroquality.cl\/MQ\/somos\/#breadcrumb\"},\"inLanguage\":\"es-CL\",\"potentialAction\":[{\"@type\":\"ReadAction\",\"target\":[\"https:\/\/www.metroquality.cl\/MQ\/somos\/\"]}]},{\"@type\":\"BreadcrumbList\",\"@id\":\"https:\/\/www.metroquality.cl\/MQ\/somos\/#breadcrumb\",\"itemListElement\":[{\"@type\":\"ListItem\",\"position\":1,\"name\":\"Portada\",\"item\":\"https:\/\/www.metroquality.cl\/MQ\/\"},{\"@type\":\"ListItem\",\"position\":2,\"name\":\"Somos\"}]},{\"@type\":\"WebSite\",\"@id\":\"https:\/\/www.metroquality.cl\/MQ\/#website\",\"url\":\"https:\/\/www.metroquality.cl\/MQ\/\",\"name\":\"Calibraci\u00f3n Industrial y Servicios de Metrolog\u00eda | Metroquality | Metroquality Calibraci\u00f3n de Sistemas para Pesaje Industrial\",\"description\":\"Calibraci\u00f3n Industrial y Servicios de Metrolog\u00eda | Metroquality | Calibraci\u00f3n de Sistemas para Pesaje Industrial | calibraci\u00f3n industrial | laboratorio acreditado ISO 17025 | servicios medici\u00f3n industrial | calibraci\u00f3n de b\u00e1sculas | certificados de calibraci\u00f3n | control de calidad industrial\",\"publisher\":{\"@id\":\"https:\/\/www.metroquality.cl\/MQ\/#organization\"},\"alternateName\":\"Metrolog\u00eda Balanza calibraci\u00f3n pesas masas ejes camiones calibraci\u00f3n industrial laboratorio acreditado ISO 17025 servicios medici\u00f3n industrial calibraci\u00f3n de b\u00e1sculas certificados de calibraci\u00f3n control de calidad industrial\",\"potentialAction\":[{\"@type\":\"SearchAction\",\"target\":{\"@type\":\"EntryPoint\",\"urlTemplate\":\"https:\/\/www.metroquality.cl\/MQ\/?s={search_term_string}\"},\"query-input\":\"required name=search_term_string\"}],\"inLanguage\":\"es-CL\"},{\"@type\":\"Organization\",\"@id\":\"https:\/\/www.metroquality.cl\/MQ\/#organization\",\"name\":\"Calibraci\u00f3n Industrial y Servicios de Metrolog\u00eda | Metroquality | Metroquality Calibraci\u00f3n de Sistemas para Pesaje Industrial\",\"alternateName\":\"Laboratorio Tecnol\u00f3gico Metroquality Ltda.\",\"url\":\"https:\/\/www.metroquality.cl\/MQ\/\",\"logo\":{\"@type\":\"ImageObject\",\"inLanguage\":\"es-CL\",\"@id\":\"https:\/\/www.metroquality.cl\/MQ\/#\/schema\/logo\/image\/\",\"url\":\"https:\/\/www.metroquality.cl\/MQ\/wp-content\/uploads\/2023\/05\/Logo-WEB.png\",\"contentUrl\":\"https:\/\/www.metroquality.cl\/MQ\/wp-content\/uploads\/2023\/05\/Logo-WEB.png\",\"width\":311,\"height\":268,\"caption\":\"Calibraci\u00f3n Industrial y Servicios de Metrolog\u00eda | Metroquality | Metroquality Calibraci\u00f3n de Sistemas para Pesaje Industrial\"},\"image\":{\"@id\":\"https:\/\/www.metroquality.cl\/MQ\/#\/schema\/logo\/image\/\"},\"sameAs\":[\"https:\/\/web.facebook.com\/people\/Metroquality-Ltda\/100068452404935\/\"]}]}<\/script>\n<!-- \/ Yoast SEO plugin. -->","yoast_head_json":{"title":"Somos - Calibraci\u00f3n Industrial y Servicios de Metrolog\u00eda | Metroquality","robots":{"index":"index","follow":"follow","max-snippet":"max-snippet:-1","max-image-preview":"max-image-preview:large","max-video-preview":"max-video-preview:-1"},"canonical":"https:\/\/www.metroquality.cl\/MQ\/somos\/","og_locale":"es_ES","og_type":"article","og_title":"Somos - Calibraci\u00f3n Industrial y Servicios de Metrolog\u00eda | Metroquality","og_description":"\u00bfQUIENES SOMOS?","og_url":"https:\/\/www.metroquality.cl\/MQ\/somos\/","og_site_name":"Calibraci\u00f3n Industrial y Servicios de Metrolog\u00eda | Metroquality","article_publisher":"https:\/\/web.facebook.com\/people\/Metroquality-Ltda\/100068452404935\/","article_modified_time":"2023-05-17T15:12:53+00:00","og_image":[{"url":"http:\/\/www.metroquality.cl\/MQ\/wp-content\/uploads\/2023\/05\/Camion5.jpg"}],"twitter_card":"summary_large_image","twitter_misc":{"Est. reading time":"2 minutos"},"schema":{"@context":"https:\/\/schema.org","@graph":[{"@type":"WebPage","@id":"https:\/\/www.metroquality.cl\/MQ\/somos\/","url":"https:\/\/www.metroquality.cl\/MQ\/somos\/","name":"Somos - Calibraci\u00f3n Industrial y Servicios de Metrolog\u00eda | Metroquality","isPartOf":{"@id":"https:\/\/www.metroquality.cl\/MQ\/#website"},"datePublished":"2022-10-17T10:27:30+00:00","dateModified":"2023-05-17T15:12:53+00:00","breadcrumb":{"@id":"https:\/\/www.metroquality.cl\/MQ\/somos\/#breadcrumb"},"inLanguage":"es-CL","potentialAction":[{"@type":"ReadAction","target":["https:\/\/www.metroquality.cl\/MQ\/somos\/"]}]},{"@type":"BreadcrumbList","@id":"https:\/\/www.metroquality.cl\/MQ\/somos\/#breadcrumb","itemListElement":[{"@type":"ListItem","position":1,"name":"Portada","item":"https:\/\/www.metroquality.cl\/MQ\/"},{"@type":"ListItem","position":2,"name":"Somos"}]},{"@type":"WebSite","@id":"https:\/\/www.metroquality.cl\/MQ\/#website","url":"https:\/\/www.metroquality.cl\/MQ\/","name":"Calibraci\u00f3n Industrial y Servicios de Metrolog\u00eda | Metroquality | Metroquality Calibraci\u00f3n de Sistemas para Pesaje Industrial","description":"Calibraci\u00f3n Industrial y Servicios de Metrolog\u00eda | Metroquality | Calibraci\u00f3n de Sistemas para Pesaje Industrial | calibraci\u00f3n industrial | laboratorio acreditado ISO 17025 | servicios medici\u00f3n industrial | calibraci\u00f3n de b\u00e1sculas | certificados de calibraci\u00f3n | control de calidad industrial","publisher":{"@id":"https:\/\/www.metroquality.cl\/MQ\/#organization"},"alternateName":"Metrolog\u00eda Balanza calibraci\u00f3n pesas masas ejes camiones calibraci\u00f3n industrial laboratorio acreditado ISO 17025 servicios medici\u00f3n industrial calibraci\u00f3n de b\u00e1sculas certificados de calibraci\u00f3n control de calidad industrial","potentialAction":[{"@type":"SearchAction","target":{"@type":"EntryPoint","urlTemplate":"https:\/\/www.metroquality.cl\/MQ\/?s={search_term_string}"},"query-input":"required name=search_term_string"}],"inLanguage":"es-CL"},{"@type":"Organization","@id":"https:\/\/www.metroquality.cl\/MQ\/#organization","name":"Calibraci\u00f3n Industrial y Servicios de Metrolog\u00eda | Metroquality | Metroquality Calibraci\u00f3n de Sistemas para Pesaje Industrial","alternateName":"Laboratorio Tecnol\u00f3gico Metroquality Ltda.","url":"https:\/\/www.metroquality.cl\/MQ\/","logo":{"@type":"ImageObject","inLanguage":"es-CL","@id":"https:\/\/www.metroquality.cl\/MQ\/#\/schema\/logo\/image\/","url":"https:\/\/www.metroquality.cl\/MQ\/wp-content\/uploads\/2023\/05\/Logo-WEB.png","contentUrl":"https:\/\/www.metroquality.cl\/MQ\/wp-content\/uploads\/2023\/05\/Logo-WEB.png","width":311,"height":268,"caption":"Calibraci\u00f3n Industrial y Servicios de Metrolog\u00eda | Metroquality | Metroquality Calibraci\u00f3n de Sistemas para Pesaje Industrial"},"image":{"@id":"https:\/\/www.metroquality.cl\/MQ\/#\/schema\/logo\/image\/"},"sameAs":["https:\/\/web.facebook.com\/people\/Metroquality-Ltda\/100068452404935\/"]}]}},"uagb_featured_image_src":{"full":false,"thumbnail":false,"medium":false,"medium_large":false,"large":false,"1536x1536":false,"2048x2048":false},"uagb_author_info":{"display_name":"rcfAdmin","author_link":"https:\/\/www.metroquality.cl\/MQ\/author\/rcfadmin\/"},"uagb_comment_info":0,"uagb_excerpt":"\u00bfQUIENES SOMOS?","_links":{"self":[{"href":"https:\/\/www.metroquality.cl\/MQ\/wp-json\/wp\/v2\/pages\/1002","targetHints":{"allow":["GET"]}}],"collection":[{"href":"https:\/\/www.metroquality.cl\/MQ\/wp-json\/wp\/v2\/pages"}],"about":[{"href":"https:\/\/www.metroquality.cl\/MQ\/wp-json\/wp\/v2\/types\/page"}],"author":[{"embeddable":true,"href":"https:\/\/www.metroquality.cl\/MQ\/wp-json\/wp\/v2\/users\/1"}],"replies":[{"embeddable":true,"href":"https:\/\/www.metroquality.cl\/MQ\/wp-json\/wp\/v2\/comments?post=1002"}],"version-history":[{"count":1,"href":"https:\/\/www.metroquality.cl\/MQ\/wp-json\/wp\/v2\/pages\/1002\/revisions"}],"predecessor-version":[{"id":1322,"href":"https:\/\/www.metroquality.cl\/MQ\/wp-json\/wp\/v2\/pages\/1002\/revisions\/1322"}],"wp:attachment":[{"href":"https:\/\/www.metroquality.cl\/MQ\/wp-json\/wp\/v2\/media?parent=1002"}],"curies":[{"name":"wp","href":"https:\/\/api.w.org\/{rel}","templated":true}]}}