{"id":1000,"date":"2022-10-17T07:22:23","date_gmt":"2022-10-17T10:22:23","guid":{"rendered":"http:\/\/www.metroquality.cl\/MQ\/contact-5\/"},"modified":"2025-03-27T10:47:02","modified_gmt":"2025-03-27T13:47:02","slug":"contacto","status":"publish","type":"page","link":"https:\/\/www.metroquality.cl\/MQ\/contacto\/","title":{"rendered":"Contactanos"},"content":{"rendered":"\n<div class=\"wp-block-uagb-container uagb-block-631c5cb2 alignfull uagb-is-root-container\"><div class=\"uagb-container-inner-blocks-wrap\">\n<div class=\"wp-block-uagb-advanced-heading uagb-block-6812d061\"><h1 class=\"uagb-heading-text\">CONTACTANOS<\/h1><\/div>\n<\/div><\/div>\n\n\n\n<div class=\"wp-block-uagb-container uagb-block-624a848d alignfull uagb-is-root-container\"><div class=\"uagb-container-inner-blocks-wrap\">\n<div class=\"wp-block-uagb-container uagb-block-7fbac03c\">\n<div class=\"wp-block-uagb-advanced-heading uagb-block-58251a1e uag-hide-mob\"><h2 class=\"uagb-heading-text\">P\u00f3ngase en contacto<\/h2><\/div>\n\n\n\n<div class=\"wp-block-uagb-container uagb-block-68250064\"><div class=\"wpforms-container wpforms-block wpforms-block-abb3cbce-a91d-48fe-8208-27fe0066592c\" id=\"wpforms-5\"><form id=\"wpforms-form-5\" class=\"wpforms-validate wpforms-form wpforms-ajax-form\" data-formid=\"5\" method=\"post\" enctype=\"multipart\/form-data\" action=\"\/MQ\/wp-json\/wp\/v2\/pages\/1000\" data-token=\"1c2d3f62c89c728c4cfd52000a53d835\"><noscript class=\"wpforms-error-noscript\">Please enable JavaScript in your browser to complete this form.<\/noscript><div class=\"wpforms-field-container\"><div id=\"wpforms-5-field_0-container\" class=\"wpforms-field wpforms-field-name\" data-field-id=\"0\"><label class=\"wpforms-field-label wpforms-label-hide\" for=\"wpforms-5-field_0\">Nombre <span class=\"wpforms-required-label\">*<\/span><\/label><input type=\"text\" id=\"wpforms-5-field_0\" class=\"wpforms-field-large wpforms-field-required\" name=\"wpforms[fields][0]\" placeholder=\"Nombre\" required><\/div><div id=\"wpforms-5-field_4-container\" class=\"wpforms-field wpforms-field-text\" data-field-id=\"4\"><label class=\"wpforms-field-label wpforms-label-hide\" for=\"wpforms-5-field_4\">Telefono de Contacto<\/label><input type=\"text\" id=\"wpforms-5-field_4\" class=\"wpforms-field-medium\" name=\"wpforms[fields][4]\" placeholder=\"Tel\u00e9fono de Contacto\" ><\/div><div id=\"wpforms-5-field_3-container\" class=\"wpforms-field wpforms-field-email\" data-field-id=\"3\"><label class=\"wpforms-field-label wpforms-label-hide\" for=\"wpforms-5-field_3\">Correo Electr\u00f3nico<\/label><input type=\"email\" id=\"wpforms-5-field_3\" class=\"wpforms-field-large\" name=\"wpforms[fields][3]\" placeholder=\"Email\" spellcheck=\"false\" ><\/div><div id=\"wpforms-5-field_2-container\" class=\"wpforms-field wpforms-field-textarea\" data-field-id=\"2\"><label class=\"wpforms-field-label wpforms-label-hide\" for=\"wpforms-5-field_2\">Mensaje<\/label><textarea id=\"wpforms-5-field_2\" class=\"wpforms-field-medium\" name=\"wpforms[fields][2]\" placeholder=\"Mensaje\" ><\/textarea><\/div><\/div><!-- .wpforms-field-container --><div class=\"wpforms-submit-container\" ><input type=\"hidden\" name=\"wpforms[id]\" value=\"5\"><input type=\"hidden\" name=\"wpforms[author]\" value=\"1\"><button type=\"submit\" name=\"wpforms[submit]\" id=\"wpforms-submit-5\" class=\"wpforms-submit\" data-alt-text=\"Enviando Mensaje...\" data-submit-text=\"Enviar\" aria-live=\"assertive\" value=\"wpforms-submit\">Enviar<\/button><img loading=\"lazy\" decoding=\"async\" src=\"https:\/\/www.metroquality.cl\/MQ\/wp-content\/plugins\/wpforms-lite\/assets\/images\/submit-spin.svg\" class=\"wpforms-submit-spinner\" style=\"display: none;\" width=\"26\" height=\"26\" alt=\"Loading\"><\/div><\/form><\/div>  <!-- .wpforms-container --><\/div>\n<\/div>\n\n\n\n<div class=\"wp-block-uagb-container uagb-block-40b3ad57\">\n<div class=\"wp-block-uagb-advanced-heading uagb-block-75015679 uag-hide-mob\"><h2 class=\"uagb-heading-text\">Tambi\u00e9n<\/h2><\/div>\n\n\n\n<div class=\"wp-block-uagb-info-box uagb-block-1f749f12 uagb-infobox__content-wrap  uagb-infobox-icon-left-title uagb-infobox-left uagb-infobox-image-valign-top\"><div class=\"uagb-ifb-content\"><div class=\"uagb-ifb-left-title-image\"><div class=\"uagb-ifb-image-content\"><img decoding=\"async\" src=\"https:\/\/www.metroquality.cl\/MQ\/wp-content\/uploads\/2022\/10\/svgexport-11.svg\" alt=\"\" width=\"42\" height=\"42\" loading=\"lazy\"\/><\/div><div class=\"uagb-ifb-title-wrap\"><h6 class=\"uagb-ifb-title\">EMAIL<\/h6><\/div><\/div><p class=\"uagb-ifb-desc\">sebastian.alvarez@metroquality.cl<\/p><\/div><\/div>\n\n\n\n<div class=\"wp-block-uagb-info-box uagb-block-093952eb uagb-infobox__content-wrap  uagb-infobox-icon-left-title uagb-infobox-left uagb-infobox-image-valign-top\"><div class=\"uagb-ifb-content\"><div class=\"uagb-ifb-left-title-image\"><div class=\"uagb-ifb-image-content\"><img decoding=\"async\" src=\"https:\/\/www.metroquality.cl\/MQ\/wp-content\/uploads\/2022\/10\/svgexport-12.svg\" alt=\"\" width=\"42\" height=\"42\" loading=\"lazy\"\/><\/div><div class=\"uagb-ifb-title-wrap\"><h6 class=\"uagb-ifb-title\">TEL\u00c9FONOS<\/h6><\/div><\/div><p class=\"uagb-ifb-desc\">+562 2853 0029 &#8211; +569 7806 8361<\/p><\/div><\/div>\n\n\n\n<div class=\"wp-block-uagb-info-box uagb-block-7f8905cb uagb-infobox__content-wrap  uagb-infobox-icon-left-title uagb-infobox-left uagb-infobox-image-valign-top\"><div class=\"uagb-ifb-content\"><div class=\"uagb-ifb-left-title-image\"><div class=\"uagb-ifb-image-content\"><img decoding=\"async\" src=\"https:\/\/www.metroquality.cl\/MQ\/wp-content\/uploads\/2022\/10\/svgexport-13.svg\" alt=\"\" width=\"42\" height=\"42\" loading=\"lazy\"\/><\/div><div class=\"uagb-ifb-title-wrap\"><h6 class=\"uagb-ifb-title\">DIRECCI\u00d3N<\/h6><\/div><\/div><p class=\"uagb-ifb-desc\">Avenida Ram\u00f3n Subercaseaux 2206,<br>Pirque.<\/p><\/div><\/div>\n\n\n\n<div class=\"wp-block-uagb-container uagb-block-43b66703\">\n<div class=\"wp-block-uagb-advanced-heading uagb-block-7738a019\"><h5 class=\"uagb-heading-text\">Sigenos:<\/h5><\/div>\n\n\n\n<div class=\"wp-block-uagb-container uagb-block-fd41b6b8\">\n<div class=\"wp-block-uagb-social-share uagb-social-share__outer-wrap uagb-social-share__layout-horizontal uagb-block-350c1bb8\">\n<div class=\"wp-block-uagb-social-share-child uagb-ss-repeater uagb-ss__wrapper uagb-block-64a19ff6\"><a class=\"uagb-ss__link\" data-href=\"https:\/\/www.facebook.com\/sharer.php?u=\" rel=\"noopener noreferrer\"><span class=\"uagb-ss__source-wrap\"><img decoding=\"async\" class=\"uagb-ss__source-image\" src=\"https:\/\/www.metroquality.cl\/MQ\/wp-content\/uploads\/2022\/10\/Group-18020.svg\" alt=\"\" width=\"40\" height=\"40\" loading=\"lazy\"\/><\/span><\/a><\/div>\n\n\n\n<div class=\"wp-block-uagb-social-share-child uagb-ss-repeater uagb-ss__wrapper uagb-block-4cbf085d\"><a class=\"uagb-ss__link\" data-href=\"https:\/\/twitter.com\/share?url=\" rel=\"noopener noreferrer\"><span class=\"uagb-ss__source-wrap\"><img decoding=\"async\" class=\"uagb-ss__source-image\" src=\"https:\/\/www.metroquality.cl\/MQ\/wp-content\/uploads\/2022\/10\/Group-18021.svg\" alt=\"\" width=\"40\" height=\"40\" loading=\"lazy\"\/><\/span><\/a><\/div>\n\n\n\n<div class=\"wp-block-uagb-social-share-child uagb-ss-repeater uagb-ss__wrapper uagb-block-338deea9\"><a class=\"uagb-ss__link\" data-href=\"https:\/\/pinterest.com\/pin\/create\/link\/?url=\" rel=\"noopener noreferrer\"><span class=\"uagb-ss__source-wrap\"><img decoding=\"async\" class=\"uagb-ss__source-image\" src=\"https:\/\/www.metroquality.cl\/MQ\/wp-content\/uploads\/2022\/10\/Group-18022.svg\" alt=\"\" width=\"40\" height=\"40\" loading=\"lazy\"\/><\/span><\/a><\/div>\n\n\n\n<div class=\"wp-block-uagb-social-share-child uagb-ss-repeater uagb-ss__wrapper uagb-block-9c1a9608\"><a class=\"uagb-ss__link\" data-href=\"https:\/\/www.linkedin.com\/shareArticle?url=\" rel=\"noopener noreferrer\"><span class=\"uagb-ss__source-wrap\"><img decoding=\"async\" class=\"uagb-ss__source-image\" src=\"https:\/\/www.metroquality.cl\/MQ\/wp-content\/uploads\/2022\/10\/Group-18023.svg\" alt=\"\" width=\"40\" height=\"40\" loading=\"lazy\"\/><\/span><\/a><\/div>\n<\/div>\n<\/div>\n<\/div>\n<\/div>\n<\/div><\/div>\n\n\n\n<div align=center>\n<iframe src=\"https:\/\/www.google.com\/maps\/embed?pb=!1m18!1m12!1m3!1d3322.1743986349916!2d-70.5514742!3d-33.626719800000004!2m3!1f0!2f0!3f0!3m2!1i1024!2i768!4f13.1!3m3!1m2!1s0x9662d63e34106dc9%3A0x91e97e34dab958e2!2sRam%C3%B3n%20Subercaseaux%202206%2C%20Pirque%2C%20Regi%C3%B3n%20Metropolitana!5e0!3m2!1ses-419!2scl!4v1743087519636!5m2!1ses-419!2scl\" width=\"600\" height=\"450\" style=\"border:0;\" allowfullscreen=\"\" loading=\"lazy\" referrerpolicy=\"no-referrer-when-downgrade\"><\/iframe>\n<\/div>\n","protected":false},"excerpt":{"rendered":"<p>CONTACTANOS P\u00f3ngase en contacto Tambi\u00e9n Sigenos:<\/p>\n","protected":false},"author":1,"featured_media":0,"parent":0,"menu_order":0,"comment_status":"closed","ping_status":"closed","template":"","meta":{"_uag_custom_page_level_css":"","site-sidebar-layout":"default","site-content-layout":"default","ast-global-header-display":"","ast-banner-title-visibility":"","ast-main-header-display":"","ast-hfb-above-header-display":"","ast-hfb-below-header-display":"","ast-hfb-mobile-header-display":"","site-post-title":"disabled","ast-breadcrumbs-content":"","ast-featured-img":"","footer-sml-layout":"","theme-transparent-header-meta":"disabled","adv-header-id-meta":"","stick-header-meta":"","header-above-stick-meta":"","header-main-stick-meta":"","header-below-stick-meta":"","footnotes":""},"class_list":["post-1000","page","type-page","status-publish","hentry"],"yoast_head":"<!-- This site is optimized with the Yoast SEO plugin v20.7 - https:\/\/yoast.com\/wordpress\/plugins\/seo\/ -->\n<title>Contactanos - Calibraci\u00f3n Industrial y Servicios de Metrolog\u00eda | Metroquality<\/title>\n<meta name=\"robots\" content=\"index, follow, max-snippet:-1, max-image-preview:large, max-video-preview:-1\" \/>\n<link rel=\"canonical\" href=\"https:\/\/www.metroquality.cl\/MQ\/contacto\/\" \/>\n<meta property=\"og:locale\" content=\"es_ES\" \/>\n<meta property=\"og:type\" content=\"article\" \/>\n<meta property=\"og:title\" content=\"Contactanos - Calibraci\u00f3n Industrial y Servicios de Metrolog\u00eda | Metroquality\" \/>\n<meta property=\"og:description\" content=\"CONTACTANOS P\u00f3ngase en contacto Tambi\u00e9n Sigenos:\" \/>\n<meta property=\"og:url\" content=\"https:\/\/www.metroquality.cl\/MQ\/contacto\/\" \/>\n<meta property=\"og:site_name\" content=\"Calibraci\u00f3n Industrial y Servicios de Metrolog\u00eda | Metroquality\" \/>\n<meta property=\"article:publisher\" content=\"https:\/\/web.facebook.com\/people\/Metroquality-Ltda\/100068452404935\/\" \/>\n<meta property=\"article:modified_time\" content=\"2025-03-27T13:47:02+00:00\" \/>\n<meta property=\"og:image\" content=\"http:\/\/www.metroquality.cl\/MQ\/wp-content\/uploads\/2022\/10\/svgexport-11.svg\" \/>\n<meta name=\"twitter:card\" content=\"summary_large_image\" \/>\n<meta name=\"twitter:label1\" content=\"Est. reading time\" \/>\n\t<meta name=\"twitter:data1\" content=\"2 minutos\" \/>\n<script type=\"application\/ld+json\" class=\"yoast-schema-graph\">{\"@context\":\"https:\/\/schema.org\",\"@graph\":[{\"@type\":\"WebPage\",\"@id\":\"https:\/\/www.metroquality.cl\/MQ\/contacto\/\",\"url\":\"https:\/\/www.metroquality.cl\/MQ\/contacto\/\",\"name\":\"Contactanos - Calibraci\u00f3n Industrial y Servicios de Metrolog\u00eda | Metroquality\",\"isPartOf\":{\"@id\":\"https:\/\/www.metroquality.cl\/MQ\/#website\"},\"datePublished\":\"2022-10-17T10:22:23+00:00\",\"dateModified\":\"2025-03-27T13:47:02+00:00\",\"breadcrumb\":{\"@id\":\"https:\/\/www.metroquality.cl\/MQ\/contacto\/#breadcrumb\"},\"inLanguage\":\"es-CL\",\"potentialAction\":[{\"@type\":\"ReadAction\",\"target\":[\"https:\/\/www.metroquality.cl\/MQ\/contacto\/\"]}]},{\"@type\":\"BreadcrumbList\",\"@id\":\"https:\/\/www.metroquality.cl\/MQ\/contacto\/#breadcrumb\",\"itemListElement\":[{\"@type\":\"ListItem\",\"position\":1,\"name\":\"Portada\",\"item\":\"https:\/\/www.metroquality.cl\/MQ\/\"},{\"@type\":\"ListItem\",\"position\":2,\"name\":\"Contactanos\"}]},{\"@type\":\"WebSite\",\"@id\":\"https:\/\/www.metroquality.cl\/MQ\/#website\",\"url\":\"https:\/\/www.metroquality.cl\/MQ\/\",\"name\":\"Calibraci\u00f3n Industrial y Servicios de Metrolog\u00eda | Metroquality | Metroquality Calibraci\u00f3n de Sistemas para Pesaje Industrial\",\"description\":\"Calibraci\u00f3n Industrial y Servicios de Metrolog\u00eda | Metroquality | Calibraci\u00f3n de Sistemas para Pesaje Industrial | calibraci\u00f3n industrial | laboratorio acreditado ISO 17025 | servicios medici\u00f3n industrial | calibraci\u00f3n de b\u00e1sculas | certificados de calibraci\u00f3n | control de calidad industrial\",\"publisher\":{\"@id\":\"https:\/\/www.metroquality.cl\/MQ\/#organization\"},\"alternateName\":\"Metrolog\u00eda Balanza calibraci\u00f3n pesas masas ejes camiones calibraci\u00f3n industrial laboratorio acreditado ISO 17025 servicios medici\u00f3n industrial calibraci\u00f3n de b\u00e1sculas certificados de calibraci\u00f3n control de calidad industrial\",\"potentialAction\":[{\"@type\":\"SearchAction\",\"target\":{\"@type\":\"EntryPoint\",\"urlTemplate\":\"https:\/\/www.metroquality.cl\/MQ\/?s={search_term_string}\"},\"query-input\":\"required name=search_term_string\"}],\"inLanguage\":\"es-CL\"},{\"@type\":\"Organization\",\"@id\":\"https:\/\/www.metroquality.cl\/MQ\/#organization\",\"name\":\"Calibraci\u00f3n Industrial y Servicios de Metrolog\u00eda | Metroquality | Metroquality Calibraci\u00f3n de Sistemas para Pesaje Industrial\",\"alternateName\":\"Laboratorio Tecnol\u00f3gico Metroquality Ltda.\",\"url\":\"https:\/\/www.metroquality.cl\/MQ\/\",\"logo\":{\"@type\":\"ImageObject\",\"inLanguage\":\"es-CL\",\"@id\":\"https:\/\/www.metroquality.cl\/MQ\/#\/schema\/logo\/image\/\",\"url\":\"https:\/\/www.metroquality.cl\/MQ\/wp-content\/uploads\/2023\/05\/Logo-WEB.png\",\"contentUrl\":\"https:\/\/www.metroquality.cl\/MQ\/wp-content\/uploads\/2023\/05\/Logo-WEB.png\",\"width\":311,\"height\":268,\"caption\":\"Calibraci\u00f3n Industrial y Servicios de Metrolog\u00eda | Metroquality | Metroquality Calibraci\u00f3n de Sistemas para Pesaje Industrial\"},\"image\":{\"@id\":\"https:\/\/www.metroquality.cl\/MQ\/#\/schema\/logo\/image\/\"},\"sameAs\":[\"https:\/\/web.facebook.com\/people\/Metroquality-Ltda\/100068452404935\/\"]}]}<\/script>\n<!-- \/ Yoast SEO plugin. -->","yoast_head_json":{"title":"Contactanos - Calibraci\u00f3n Industrial y Servicios de Metrolog\u00eda | Metroquality","robots":{"index":"index","follow":"follow","max-snippet":"max-snippet:-1","max-image-preview":"max-image-preview:large","max-video-preview":"max-video-preview:-1"},"canonical":"https:\/\/www.metroquality.cl\/MQ\/contacto\/","og_locale":"es_ES","og_type":"article","og_title":"Contactanos - Calibraci\u00f3n Industrial y Servicios de Metrolog\u00eda | Metroquality","og_description":"CONTACTANOS P\u00f3ngase en contacto Tambi\u00e9n Sigenos:","og_url":"https:\/\/www.metroquality.cl\/MQ\/contacto\/","og_site_name":"Calibraci\u00f3n Industrial y Servicios de Metrolog\u00eda | Metroquality","article_publisher":"https:\/\/web.facebook.com\/people\/Metroquality-Ltda\/100068452404935\/","article_modified_time":"2025-03-27T13:47:02+00:00","og_image":[{"url":"http:\/\/www.metroquality.cl\/MQ\/wp-content\/uploads\/2022\/10\/svgexport-11.svg"}],"twitter_card":"summary_large_image","twitter_misc":{"Est. reading time":"2 minutos"},"schema":{"@context":"https:\/\/schema.org","@graph":[{"@type":"WebPage","@id":"https:\/\/www.metroquality.cl\/MQ\/contacto\/","url":"https:\/\/www.metroquality.cl\/MQ\/contacto\/","name":"Contactanos - Calibraci\u00f3n Industrial y Servicios de Metrolog\u00eda | Metroquality","isPartOf":{"@id":"https:\/\/www.metroquality.cl\/MQ\/#website"},"datePublished":"2022-10-17T10:22:23+00:00","dateModified":"2025-03-27T13:47:02+00:00","breadcrumb":{"@id":"https:\/\/www.metroquality.cl\/MQ\/contacto\/#breadcrumb"},"inLanguage":"es-CL","potentialAction":[{"@type":"ReadAction","target":["https:\/\/www.metroquality.cl\/MQ\/contacto\/"]}]},{"@type":"BreadcrumbList","@id":"https:\/\/www.metroquality.cl\/MQ\/contacto\/#breadcrumb","itemListElement":[{"@type":"ListItem","position":1,"name":"Portada","item":"https:\/\/www.metroquality.cl\/MQ\/"},{"@type":"ListItem","position":2,"name":"Contactanos"}]},{"@type":"WebSite","@id":"https:\/\/www.metroquality.cl\/MQ\/#website","url":"https:\/\/www.metroquality.cl\/MQ\/","name":"Calibraci\u00f3n Industrial y Servicios de Metrolog\u00eda | Metroquality | Metroquality Calibraci\u00f3n de Sistemas para Pesaje Industrial","description":"Calibraci\u00f3n Industrial y Servicios de Metrolog\u00eda | Metroquality | Calibraci\u00f3n de Sistemas para Pesaje Industrial | calibraci\u00f3n industrial | laboratorio acreditado ISO 17025 | servicios medici\u00f3n industrial | calibraci\u00f3n de b\u00e1sculas | certificados de calibraci\u00f3n | control de calidad industrial","publisher":{"@id":"https:\/\/www.metroquality.cl\/MQ\/#organization"},"alternateName":"Metrolog\u00eda Balanza calibraci\u00f3n pesas masas ejes camiones calibraci\u00f3n industrial laboratorio acreditado ISO 17025 servicios medici\u00f3n industrial calibraci\u00f3n de b\u00e1sculas certificados de calibraci\u00f3n control de calidad industrial","potentialAction":[{"@type":"SearchAction","target":{"@type":"EntryPoint","urlTemplate":"https:\/\/www.metroquality.cl\/MQ\/?s={search_term_string}"},"query-input":"required name=search_term_string"}],"inLanguage":"es-CL"},{"@type":"Organization","@id":"https:\/\/www.metroquality.cl\/MQ\/#organization","name":"Calibraci\u00f3n Industrial y Servicios de Metrolog\u00eda | Metroquality | Metroquality Calibraci\u00f3n de Sistemas para Pesaje Industrial","alternateName":"Laboratorio Tecnol\u00f3gico Metroquality Ltda.","url":"https:\/\/www.metroquality.cl\/MQ\/","logo":{"@type":"ImageObject","inLanguage":"es-CL","@id":"https:\/\/www.metroquality.cl\/MQ\/#\/schema\/logo\/image\/","url":"https:\/\/www.metroquality.cl\/MQ\/wp-content\/uploads\/2023\/05\/Logo-WEB.png","contentUrl":"https:\/\/www.metroquality.cl\/MQ\/wp-content\/uploads\/2023\/05\/Logo-WEB.png","width":311,"height":268,"caption":"Calibraci\u00f3n Industrial y Servicios de Metrolog\u00eda | Metroquality | Metroquality Calibraci\u00f3n de Sistemas para Pesaje Industrial"},"image":{"@id":"https:\/\/www.metroquality.cl\/MQ\/#\/schema\/logo\/image\/"},"sameAs":["https:\/\/web.facebook.com\/people\/Metroquality-Ltda\/100068452404935\/"]}]}},"uagb_featured_image_src":{"full":false,"thumbnail":false,"medium":false,"medium_large":false,"large":false,"1536x1536":false,"2048x2048":false},"uagb_author_info":{"display_name":"rcfAdmin","author_link":"https:\/\/www.metroquality.cl\/MQ\/author\/rcfadmin\/"},"uagb_comment_info":0,"uagb_excerpt":"CONTACTANOS P\u00f3ngase en contacto Tambi\u00e9n Sigenos:","_links":{"self":[{"href":"https:\/\/www.metroquality.cl\/MQ\/wp-json\/wp\/v2\/pages\/1000","targetHints":{"allow":["GET"]}}],"collection":[{"href":"https:\/\/www.metroquality.cl\/MQ\/wp-json\/wp\/v2\/pages"}],"about":[{"href":"https:\/\/www.metroquality.cl\/MQ\/wp-json\/wp\/v2\/types\/page"}],"author":[{"embeddable":true,"href":"https:\/\/www.metroquality.cl\/MQ\/wp-json\/wp\/v2\/users\/1"}],"replies":[{"embeddable":true,"href":"https:\/\/www.metroquality.cl\/MQ\/wp-json\/wp\/v2\/comments?post=1000"}],"version-history":[{"count":5,"href":"https:\/\/www.metroquality.cl\/MQ\/wp-json\/wp\/v2\/pages\/1000\/revisions"}],"predecessor-version":[{"id":1339,"href":"https:\/\/www.metroquality.cl\/MQ\/wp-json\/wp\/v2\/pages\/1000\/revisions\/1339"}],"wp:attachment":[{"href":"https:\/\/www.metroquality.cl\/MQ\/wp-json\/wp\/v2\/media?parent=1000"}],"curies":[{"name":"wp","href":"https:\/\/api.w.org\/{rel}","templated":true}]}}